{"id":22,"date":"2023-11-18T19:27:35","date_gmt":"2023-11-18T19:27:35","guid":{"rendered":"https:\/\/aclinicahomeopatica.com\/home\/home\/"},"modified":"2023-11-19T17:41:47","modified_gmt":"2023-11-19T17:41:47","slug":"home","status":"publish","type":"page","link":"https:\/\/aclinicahomeopatica.com\/home\/","title":{"rendered":"Home"},"content":{"rendered":"\n\n\n<h6>Bem vindo<br><\/h6>\n\n<p>H\u00e1 v\u00e1rias d\u00e9cadas que nos dedicamos ao tratamento atrav\u00e9s da Homeopatia e de outras terapias naturais, ao mesmo tempo que permitimos a novos terapeutas realizarem forma\u00e7\u00e3o de qualidade e supervis\u00e3o dos seus casos cl\u00ednicos.<br><\/p>\n\n\n\n\n<h6>Terapias<\/h6>\n\n\n\n\n<br>\n\n\n<br>\n\n\n\n\n<br>\n\n\n<br>\n\n\n\n\n\n\n\n<h2>Videoconsultas<\/h2>\n\n<p style=\"text-align: center;\">Est\u00e3o dispon\u00edveis videoconsultas para Homeopatia e Naturopatia. Contacte-nos para saber mais.<br><\/p>\n\n\n\n\n<h2>\u00daltimos Artigos<br><\/h2>\n\n\n\n\n{&#8220;title&#8221;:&#8221;&#8221;,&#8221;number_posts&#8221;:&#8221;10&#8243;,&#8221;orderby&#8221;:&#8221;date&#8221;,&#8221;order&#8221;:&#8221;desc&#8221;,&#8221;post_title_length&#8221;:&#8221;1000&#8243;,&#8221;show_author&#8221;:&#8221;1&#8243;,&#8221;author_label&#8221;:&#8221;&#8221;,&#8221;category_label&#8221;:&#8221;In&#8221;,&#8221;excerpt_length&#8221;:&#8221;55&#8243;,&#8221;excerpt_more&#8221;:&#8221; [\u2026]&#8221;,&#8221;category_ids&#8221;:[&#8220;0&#8243;],&#8221;show_thumb&#8221;:&#8221;1&#8243;,&#8221;thumb_dimensions&#8221;:&#8221;custom&#8221;,&#8221;thumb_width&#8221;:&#8221;100&#8243;,&#8221;thumb_height&#8221;:&#8221;100&#8243;,&#8221;keep_aspect_ratio&#8221;:&#8221;1&#8243;,&#8221;default_url&#8221;:&#8221;https:\/\/aclinicahomeopatica.com\/home\/wp-content\/plugins\/recent-posts-widget-with-thumbnails\/default_thumb.gif&#8221;,&#8221;thumb_alt&#8221;:&#8221;&#8221;}\n\n\n","protected":false},"excerpt":{"rendered":"","protected":false},"author":0,"featured_media":0,"parent":0,"menu_order":0,"comment_status":"closed","ping_status":"closed","template":"","meta":{"pagelayer_contact_templates":[],"_pagelayer_content":"","footnotes":""},"class_list":["post-22","page","type-page","status-publish","hentry"],"_links":{"self":[{"href":"https:\/\/aclinicahomeopatica.com\/home\/wp-json\/wp\/v2\/pages\/22","targetHints":{"allow":["GET"]}}],"collection":[{"href":"https:\/\/aclinicahomeopatica.com\/home\/wp-json\/wp\/v2\/pages"}],"about":[{"href":"https:\/\/aclinicahomeopatica.com\/home\/wp-json\/wp\/v2\/types\/page"}],"replies":[{"embeddable":true,"href":"https:\/\/aclinicahomeopatica.com\/home\/wp-json\/wp\/v2\/comments?post=22"}],"version-history":[{"count":6,"href":"https:\/\/aclinicahomeopatica.com\/home\/wp-json\/wp\/v2\/pages\/22\/revisions"}],"predecessor-version":[{"id":219,"href":"https:\/\/aclinicahomeopatica.com\/home\/wp-json\/wp\/v2\/pages\/22\/revisions\/219"}],"wp:attachment":[{"href":"https:\/\/aclinicahomeopatica.com\/home\/wp-json\/wp\/v2\/media?parent=22"}],"curies":[{"name":"wp","href":"https:\/\/api.w.org\/{rel}","templated":true}]}}