{"id":137,"date":"2023-11-19T16:11:46","date_gmt":"2023-11-19T16:11:46","guid":{"rendered":"https:\/\/aclinicahomeopatica.com\/home\/?page_id=137"},"modified":"2023-11-19T16:11:47","modified_gmt":"2023-11-19T16:11:47","slug":"apoio-espiritual","status":"publish","type":"page","link":"https:\/\/aclinicahomeopatica.com\/home\/apoio-espiritual\/","title":{"rendered":"Apoio Espiritual"},"content":{"rendered":"\n\n\n<h2>Apoio Espiritual<\/h2>\n<p>Nas nossas vidas, um pouco loucas, com \nmuita coragem e persevera\u00e7\u00e3o, conseguimos ir \u201clevando a \u00e1gua ao nosso \nmoinho\u201d como diz a sabedoria popular. Mas muitas vezes apesar de \nconseguirmos o equil\u00edbrio entre a nossa exigente vida profissional, e a \nnossa vida familiar n\u00e3o menos exigente, continuamos com muito \ndesconforto pessoal, n\u00e3o nos satisfazem as conquistas a n\u00edvel \nprofissional, as aquisi\u00e7\u00f5es materiais, fazemos tudo o melhor poss\u00edvel, \nmas o descontentamento l\u00e1 est\u00e1, e muitas vezes apesar de tentarmos \nabaf\u00e1-lo, ele persiste.\n<\/p><p style=\"text-align: justify;\"><br>Isto acontece, porque no mundo t\u00e3o \nca\u00f3tico como aquele em que vivemos, com tanto que fazer, com tantas \ndistrac\u00e7\u00f5es, que nos roubam um \u201ctempo\u201d precioso, n\u00e3o nos lembramos de \nestar connosco pr\u00f3prios,&nbsp;nem de que&nbsp;tamb\u00e9m somos seres espirituais.<\/p>\n<p style=\"text-align: justify;\"><br>E aten\u00e7\u00e3o! N\u00e3o confundir com \nreligi\u00e3o. A maioria das pessoas associa logo espiritualidade a religi\u00e3o,\n e isto n\u00e3o tem a ver em particular com nenhuma religi\u00e3o.&nbsp;A \nespiritualidade faz parte de n\u00f3s pr\u00f3prios. Somos f\u00edsico, emocional, \nmental e espiritual. Se n\u00e3o damos aten\u00e7\u00e3o a esta nossa parte mais \nsubtil, nada do que fazemos ou temos, poder\u00e1 dar-nos o contentamento e a\n nossa verdadeira felicidade e tranquilidade interior.<\/p>\n<p style=\"text-align: justify;\"><br>A nossa parte espiritual procura \nhabitualmente responder \u00e0s cl\u00e1ssicas perguntas da vida e da morte, da \nraz\u00e3o da exist\u00eancia e dos acontecimentos. A espiritualidade \u00e9 \ninerentemente uma qualidade de todos os seres humanos, mas \u00e9 uma \nresponsabilidade individual. N\u00e3o \u00e9 por pertencermos a um grupo, ou a um \ndeterminado n\u00edvel dentro de um grupo, que somos mais ou menos do que os \noutros, que temos h\u00e1 nossa volta.<\/p>\n<p style=\"text-align: justify;\"><br>A espiritualidade d\u00e1-nos a for\u00e7a e a esperan\u00e7a, que nos faz encarar melhor e ultrapassar as crises e troikas da vida!<\/p>\n<p style=\"text-align: justify;\"><br>Neste momento da evolu\u00e7\u00e3o humana, \nestamos perante a situa\u00e7\u00e3o em que muitas pessoas menosprezam esta parte \ndo seu ser. Para grande contentamento geral, cada vez t\u00eam sido mais as \npessoas a come\u00e7arem a dar import\u00e2ncia e a tentar fazer sentido no meio \nde tanta disponibilidade e informa\u00e7\u00e3o dos tempos modernos.<\/p>\n<p style=\"text-align: justify;\"><br>Esta \u00e9 a grande raz\u00e3o pela qual \ndisponibilizamos ajuda espiritual. Todos os dias as pessoas t\u00eam perante \nelas um manancial enorme de informa\u00e7\u00e3o, cursos e caminhos. N\u00e3o \u00e9 f\u00e1cil e\n existem muitas formas de uma pessoa se perder na sua busca espiritual. \nPor encontrarmos na nossa sociedade um crescente n\u00famero&nbsp;de pessoas com \ndificuldades e, por vezes, mesmo sofrendo consequ\u00eancias de m\u00e1s \nexperi\u00eancias, disponibilizamos a quem precisar, ajuda neste campo,&nbsp;por \npessoas que vivem diariamente o seu caminho espiritual e com longa \nexperi\u00eancia.<\/p>\n<p style=\"text-align: justify;\"><br>Como \u00e9 nosso h\u00e1bito desde sempre, toda a ajuda disponibilizada neste campo, \u00e9 isenta de qualquer custo. A raz\u00e3o de assim ser, \u00e9:<\/p>\n<p style=\"text-align: justify;\">A espiritualidade n\u00e3o nos foi cobrada ao nascermos &#8211; &#8220;O que de gra\u00e7a recebei, de gra\u00e7a dai&#8221;.<br>O caminho \u00e9 individual.<br>N\u00f3s,\n s\u00f3 ajudamos a que cada um perceba a sua responsabilidade, assuma a sua \nindividualidade e ganhe a for\u00e7a e os meios para poder resolver qualquer \nque seja a quest\u00e3o que enfrenta. Quer seja um problema de come\u00e7ar a \nescolher que caminho tra\u00e7ar, quer seja algum problema de quem caminha h\u00e1\n muito.<br>H\u00e1 quem acredite que a espiritualidade \u00e9 a nossa ess\u00eancia.<\/p>\n<h3 style=\"text-align: center;\"><br>A verdade\u2026 cabe a cada um descobrir. Ela est\u00e1 a\u00ed. E quer ser descoberta!<\/h3>\n\n\n","protected":false},"excerpt":{"rendered":"","protected":false},"author":1,"featured_media":0,"parent":0,"menu_order":0,"comment_status":"closed","ping_status":"closed","template":"","meta":{"pagelayer_contact_templates":[],"_pagelayer_content":"","footnotes":""},"class_list":["post-137","page","type-page","status-publish","hentry"],"_links":{"self":[{"href":"https:\/\/aclinicahomeopatica.com\/home\/wp-json\/wp\/v2\/pages\/137","targetHints":{"allow":["GET"]}}],"collection":[{"href":"https:\/\/aclinicahomeopatica.com\/home\/wp-json\/wp\/v2\/pages"}],"about":[{"href":"https:\/\/aclinicahomeopatica.com\/home\/wp-json\/wp\/v2\/types\/page"}],"author":[{"embeddable":true,"href":"https:\/\/aclinicahomeopatica.com\/home\/wp-json\/wp\/v2\/users\/1"}],"replies":[{"embeddable":true,"href":"https:\/\/aclinicahomeopatica.com\/home\/wp-json\/wp\/v2\/comments?post=137"}],"version-history":[{"count":3,"href":"https:\/\/aclinicahomeopatica.com\/home\/wp-json\/wp\/v2\/pages\/137\/revisions"}],"predecessor-version":[{"id":140,"href":"https:\/\/aclinicahomeopatica.com\/home\/wp-json\/wp\/v2\/pages\/137\/revisions\/140"}],"wp:attachment":[{"href":"https:\/\/aclinicahomeopatica.com\/home\/wp-json\/wp\/v2\/media?parent=137"}],"curies":[{"name":"wp","href":"https:\/\/api.w.org\/{rel}","templated":true}]}}