{"id":120,"date":"2023-11-19T15:39:41","date_gmt":"2023-11-19T15:39:41","guid":{"rendered":"https:\/\/aclinicahomeopatica.com\/home\/?page_id=120"},"modified":"2023-11-19T15:39:42","modified_gmt":"2023-11-19T15:39:42","slug":"naturopatia","status":"publish","type":"page","link":"https:\/\/aclinicahomeopatica.com\/home\/naturopatia\/","title":{"rendered":"Naturopatia"},"content":{"rendered":"\n\n\n<h2>Naturopatia<\/h2>\n<h3 style=\"text-align: justify;\">O&nbsp;que \u00e9?<\/h3>\n<p style=\"text-align: justify;\">A Naturopatia \u00e9 um sistema prim\u00e1rio de \nsa\u00fade, uma ci\u00eancia, uma filosofia e uma arte de diagnosticar, tratar e \nprevenir a doen\u00e7a. A pr\u00e1tica da Naturopatia baseia-se em sete princ\u00edpios\n a saber:<\/p>\n<h3 style=\"text-align: justify;\"><br>Vis Medicatrix Naturae &#8211; O poder curativo da Natureza<\/h3>\n<p style=\"text-align: justify;\">O organismo tem uma capacidade inerente \nde identificar e remover obst\u00e1culos para a sua auto recupera\u00e7\u00e3o. Um \nnaturopata actua ajudando a aumentar essa capacidade atrav\u00e9s de \nsubst\u00e2ncias naturais e de tratamentos livres de efeitos secund\u00e1rios.<\/p>\n<h3 style=\"text-align: justify;\"><br>Tollem causam &#8211; Identificar e tratar a causa<\/h3>\n<p style=\"text-align: justify;\">O Naturopata procura identificar e remover as causas que conduziram \u00e0 doen\u00e7a, e n\u00e3o eliminar ou suprimir sintomas.<\/p>\n<h3 style=\"text-align: justify;\"><br>Primum non nocere &#8211; Primeiro n\u00e3o fazer mal<\/h3>\n<p style=\"text-align: justify;\">O Naturopata segue tr\u00eas princ\u00edpios para evitar fazer mal ao paciente:<\/p>\n<p style=\"text-align: justify;\">1. Utiliza subst\u00e2ncias medicinais naturais. <br>2. Evita a supress\u00e3o de sintomas. <br>3. Respeita o conhecimento do poder curativo individual.<\/p>\n<h3 style=\"text-align: justify;\"><br>Docere &#8211; Ensinar<\/h3>\n<p style=\"text-align: justify;\">O Naturopata educa o paciente \nencorajando \u00e0 auto responsabiliza\u00e7\u00e3o sobre o conhecimento da sa\u00fade, e \nsobre aquilo que a pode perturbar, conseguindo uma boa rela\u00e7\u00e3o \nm\u00e9dico-paciente.<\/p>\n<h3 style=\"text-align: justify;\"><br>Tratar o Todo<\/h3>\n<p style=\"text-align: justify;\">O Naturopata trata o indiv\u00edduo tendo em \nconta os seus aspectos espiritual, mental, emocional, gen\u00e9tico, \nambiental, social e outros factores.<\/p>\n<h3 style=\"text-align: justify;\"><br>Preven\u00e7\u00e3o<\/h3>\n<p style=\"text-align: justify;\">O Naturopata enfatiza a preven\u00e7\u00e3o da \ndoen\u00e7a afastando o doente dos factores de risco e de susceptibilidade e \naplicando terapias que melhorem a sua capacidade auto-imune.<\/p>\n<h3 style=\"text-align: justify;\"><br>Bem estar<\/h3>\n<p style=\"text-align: justify;\">O Naturopata trabalha no sentido de \nconseguir um bem estar total do indiv\u00edduo como um Todo, e ajuda-o a \nmanter esse bem adquirido.<\/p><p><\/p>\n\n\n","protected":false},"excerpt":{"rendered":"","protected":false},"author":1,"featured_media":0,"parent":0,"menu_order":0,"comment_status":"closed","ping_status":"closed","template":"","meta":{"pagelayer_contact_templates":[],"_pagelayer_content":"","footnotes":""},"class_list":["post-120","page","type-page","status-publish","hentry"],"_links":{"self":[{"href":"https:\/\/aclinicahomeopatica.com\/home\/wp-json\/wp\/v2\/pages\/120","targetHints":{"allow":["GET"]}}],"collection":[{"href":"https:\/\/aclinicahomeopatica.com\/home\/wp-json\/wp\/v2\/pages"}],"about":[{"href":"https:\/\/aclinicahomeopatica.com\/home\/wp-json\/wp\/v2\/types\/page"}],"author":[{"embeddable":true,"href":"https:\/\/aclinicahomeopatica.com\/home\/wp-json\/wp\/v2\/users\/1"}],"replies":[{"embeddable":true,"href":"https:\/\/aclinicahomeopatica.com\/home\/wp-json\/wp\/v2\/comments?post=120"}],"version-history":[{"count":3,"href":"https:\/\/aclinicahomeopatica.com\/home\/wp-json\/wp\/v2\/pages\/120\/revisions"}],"predecessor-version":[{"id":123,"href":"https:\/\/aclinicahomeopatica.com\/home\/wp-json\/wp\/v2\/pages\/120\/revisions\/123"}],"wp:attachment":[{"href":"https:\/\/aclinicahomeopatica.com\/home\/wp-json\/wp\/v2\/media?parent=120"}],"curies":[{"name":"wp","href":"https:\/\/api.w.org\/{rel}","templated":true}]}}