{"id":116,"date":"2023-11-19T15:39:14","date_gmt":"2023-11-19T15:39:14","guid":{"rendered":"https:\/\/aclinicahomeopatica.com\/home\/?page_id=116"},"modified":"2023-11-19T15:39:14","modified_gmt":"2023-11-19T15:39:14","slug":"acupunctura","status":"publish","type":"page","link":"https:\/\/aclinicahomeopatica.com\/home\/acupunctura\/","title":{"rendered":"Acupunctura"},"content":{"rendered":"\n\n\n<h2>Acupunctura<\/h2>\n<p>\u00c9 uma terap\u00eautica ligada \u00e0 Medicina Tradicional Chinesa, que consiste na\n aplica\u00e7\u00e3o de agulhas em pontos definidos do corpo, chamados &#8220;Pontos de \nAcupunctura&#8221;, que se distribuem sobre linhas chamadas &#8220;meridianos\u201d, \naumentando ou diminuindo o fluxo de energia, permitindo assim o \nreequil\u00edbrio do organismo, e consequentemente a obten\u00e7\u00e3o de diferentes \nefeitos terap\u00eauticos conforme o caso tratado. <br><br> A Acupunctura \u00e9 \nutilizada no tratamento de in\u00fameras patologias, sendo o seu campo de \nelei\u00e7\u00e3o a algia \u2013 a dor. \u00c9 eficaz, segura, utiliza materiais simples, em\n muitos casos complementa a ac\u00e7\u00e3o da medicina convencional. <br><br> Uma\n \u201cdesvantagem\u201d se assim podemos chamar-lhe, \u00e9 o medo que algumas pessoas\n t\u00eam de agulhas, mas na grande maioria dos casos a aplica\u00e7\u00e3o das agulhas\n \u00e9 indolor. <br><br> Encontre no nosso espa\u00e7o v\u00e1rios profissionais com v\u00e1rios anos de experi\u00eancia. Contacte-nos!<\/p>\n\n\n","protected":false},"excerpt":{"rendered":"","protected":false},"author":1,"featured_media":0,"parent":0,"menu_order":0,"comment_status":"closed","ping_status":"closed","template":"","meta":{"pagelayer_contact_templates":[],"_pagelayer_content":"","footnotes":""},"class_list":["post-116","page","type-page","status-publish","hentry"],"_links":{"self":[{"href":"https:\/\/aclinicahomeopatica.com\/home\/wp-json\/wp\/v2\/pages\/116","targetHints":{"allow":["GET"]}}],"collection":[{"href":"https:\/\/aclinicahomeopatica.com\/home\/wp-json\/wp\/v2\/pages"}],"about":[{"href":"https:\/\/aclinicahomeopatica.com\/home\/wp-json\/wp\/v2\/types\/page"}],"author":[{"embeddable":true,"href":"https:\/\/aclinicahomeopatica.com\/home\/wp-json\/wp\/v2\/users\/1"}],"replies":[{"embeddable":true,"href":"https:\/\/aclinicahomeopatica.com\/home\/wp-json\/wp\/v2\/comments?post=116"}],"version-history":[{"count":3,"href":"https:\/\/aclinicahomeopatica.com\/home\/wp-json\/wp\/v2\/pages\/116\/revisions"}],"predecessor-version":[{"id":119,"href":"https:\/\/aclinicahomeopatica.com\/home\/wp-json\/wp\/v2\/pages\/116\/revisions\/119"}],"wp:attachment":[{"href":"https:\/\/aclinicahomeopatica.com\/home\/wp-json\/wp\/v2\/media?parent=116"}],"curies":[{"name":"wp","href":"https:\/\/api.w.org\/{rel}","templated":true}]}}