{"id":112,"date":"2023-11-19T15:39:30","date_gmt":"2023-11-19T15:39:30","guid":{"rendered":"https:\/\/aclinicahomeopatica.com\/home\/?page_id=112"},"modified":"2023-11-19T16:13:19","modified_gmt":"2023-11-19T16:13:19","slug":"homeopatia","status":"publish","type":"page","link":"https:\/\/aclinicahomeopatica.com\/home\/homeopatia\/","title":{"rendered":"Homeopatia"},"content":{"rendered":"\n\n\n<h2>Homeopatia<\/h2>\n\n\n\n\n<h3 style=\"text-align: justify;\">O essencial da Filosofia Homeop\u00e1tica<\/h3>\n<p style=\"text-align: justify;\">Homeopatia define-se como uma ci\u00eancia de\n cura criada pelo Dr. Samuel Hahneman (1755 \u2013 1843), que consiste na \nutiliza\u00e7\u00e3o de rem\u00e9dios obtidos por sucessivas dilui\u00e7\u00f5es e suc\u00e7\u00f5es, em \ndoses infinitesimais, capazes de produzir num homem saud\u00e1vel os sintomas\n da doen\u00e7a que se pretende tratar.<\/p><p><\/p>\n\n<h3 style=\"text-align: justify;\">As premissas da Homeopatia<\/h3>\n<p style=\"text-align: justify;\">\u00b7 A utiliza\u00e7\u00e3o de rem\u00e9dios semelhantes cuja ac\u00e7\u00e3o \u00e9 sobejamente conhecida dos homeopatas;<\/p>\n<p style=\"text-align: justify;\">\u00b7 O tratamento individualizado da patologia de um paciente;<\/p>\n<p style=\"text-align: justify;\">\u00b7 O uso de um s\u00f3 e simples medicamento, de cada vez, de modo a evitar a interac\u00e7\u00e3o medicamentosa;<\/p>\n<p style=\"text-align: justify;\">\u00b7 O uso de medicamentos potencializados de modo a actuarem sob a energia vital do paciente;<\/p>\n<p style=\"text-align: justify;\">\u00b7 A identifica\u00e7\u00e3o da influ\u00eancia miasm\u00e1tica;<\/p>\n<p style=\"text-align: justify;\">\u00b7 A diferencia\u00e7\u00e3o entre a natureza essencial da doen\u00e7a e as formas em que se manifesta.<\/p>\n<p style=\"text-align: justify;\">&nbsp;<\/p>\n<h3 style=\"text-align: justify;\">Como funciona<\/h3>\n<p style=\"text-align: justify;\">Defini\u00e7\u00e3o de ser humano: \u00e9 um ser vivo, \nracional, que cresce, locomove-se, propaga-se, comunica e tem a \ncapacidade de alterar o meio ambiente<\/p>\n<p style=\"text-align: justify;\">O homem manifesta-se em tr\u00eas n\u00edveis:<\/p>\n<p style=\"text-align: justify;\">Mental que corresponde em homeopatia ao Princ\u00edpio Vital<\/p>\n<p style=\"text-align: justify;\">Emocional que corresponde em homeopatia \u00e0 For\u00e7a Vital<\/p>\n<p style=\"text-align: justify;\">F\u00edsico que corresponde em homeopatia \u00e0 Energia Vital<\/p>\n<p style=\"text-align: justify;\">O que mant\u00e9m o homem vivo? A sua energia vital.<\/p>\n<p style=\"text-align: justify;\">O medicamento homeop\u00e1tico vai funcionar \nsobre a energia vital, actuando sobre o sistema imunit\u00e1rio, restaurando a\n sa\u00fade do indiv\u00edduo.<\/p>\n<p style=\"text-align: justify;\">&nbsp;<\/p>\n<h3 style=\"text-align: justify;\">Conceito de Doen\u00e7a<\/h3>\n<p style=\"text-align: justify;\">Doen\u00e7a \u00e9 a altera\u00e7\u00e3o do estado de sa\u00fade.\n &#8220;\u00c9 o desequil\u00edbrio da fun\u00e7\u00e3o integrada do organismo&#8221; (Dr. Michael \nWeiner). Que se expressa n\u00e3o s\u00f3 no n\u00edvel f\u00edsico, como tamb\u00e9m nos n\u00edveis \nemocional, mental e espiritual, ou seja, n\u00e3o \u00e9 o aparecimento de dores, \nferidas, mol\u00e9stias, etc., na maioria das vezes, basta uma simples \ncontrariedade, uma irrita\u00e7\u00e3o, um stress para que a doen\u00e7a se manifeste.<\/p>\n<p style=\"text-align: justify;\">&nbsp;<\/p>\n<h3 style=\"text-align: justify;\">Conceito de Sa\u00fade<\/h3>\n<p style=\"text-align: justify;\">A OMS define sa\u00fade como um estado de completo bem-estar f\u00edsico, ps\u00edquico e social, e n\u00e3o a aus\u00eancia de doen\u00e7as.<\/p>\n<p style=\"text-align: justify;\">O conceito hol\u00edstico diz-nos que a sa\u00fade\n \u00e9 o funcionamento harmonioso do corpo, da emo\u00e7\u00e3o, da mente e do nosso \nesp\u00edrito. Sa\u00fade \u00e9 um estado de liberdade.<\/p>\n<p style=\"text-align: justify;\">Liberdade para cumprir as actividades do dia-a-dia, para trabalhar, para se divertir, para conviver com os nossos semelhantes.<\/p>\n<p style=\"text-align: justify;\">Liberdade para aceitar as diferen\u00e7as&#8230;<\/p>\n<p style=\"text-align: justify;\">&nbsp;<\/p>\n<h3 style=\"text-align: justify;\">Causas m\u00f3rbidas<\/h3>\n<p style=\"text-align: justify;\">Tudo, mesmo TUDO que nos possa \nperturbar, seja a n\u00edvel mental (uma apresenta\u00e7\u00e3o de trabalho), seja a \nn\u00edvel emocional (uma discuss\u00e3o acalorada) ou a n\u00edvel f\u00edsico (uma \ndigest\u00e3o lenta). E tudo \u00e9 suscept\u00edvel de nos incomodar. E com esse \ninc\u00f3modo persistente e as v\u00e3s tentativas de ignor\u00e1-lo, come\u00e7a a \nmanifestar-se determinada sintomatologia.<\/p>\n<p style=\"text-align: justify;\">&nbsp;<\/p>\n<h3 style=\"text-align: justify;\">Leis da Homeopatia<\/h3><p><\/p>\n\n<h3 style=\"text-align: justify;\">A import\u00e2ncia da Lei da Cura<\/h3>\n<p style=\"text-align: justify;\">Foi o Dr. Hering que formulou a lei da \ncura, ap\u00f3s ter observado ao longo dos anos, o seu processo, ou seja, \nquando o paciente aparece em consulta queixa-se de um conjunto de \nsintomas distribu\u00eddos pelos seus n\u00edveis de manifesta\u00e7\u00e3o. O n\u00edvel mental,\n como est\u00e1 afectado o seu pensamento, racioc\u00ednio e discernimento. O \nn\u00edvel emocional, como est\u00e3o as suas emo\u00e7\u00f5es: o stress, irritabilidade, \nimpaci\u00eancia, etc. O n\u00edvel f\u00edsico as queixas propriamente ditas, as \ndores, as insufici\u00eancias, os excessos, etc.<\/p>\n<p style=\"text-align: justify;\">A cura come\u00e7a de cima para baixo, de \ndentro para fora (dos \u00f3rg\u00e3os mais profundos para os mais superficiais), \nna invers\u00e3o do aparecimento dos sintomas (os primeiros sintomas a \ndesaparecerem s\u00e3o os \u00faltimos a aparecerem, e assim sucessivamente).<\/p>\n<p style=\"text-align: justify;\">O facto de observarmos a lei da cura em \nac\u00e7\u00e3o no paciente d\u00e1-nos a certeza de que estamos no bom caminho, ou \nseja, estamos a curar efectivamente o paciente e n\u00e3o a suprimir os \nsintomas.<\/p>\n<p style=\"text-align: justify;\">MUITO IMPORTANTE \u00e9 necess\u00e1rio saber os limites daquilo que \u00e9 cur\u00e1vel nas doen\u00e7as.<\/p>\n<h3 style=\"text-align: justify;\"><br>Mat\u00e9ria M\u00e9dica<\/h3>\n<p style=\"text-align: justify;\">A Mat\u00e9ria M\u00e9dica Homeop\u00e1tica \u00e9 a \ncompila\u00e7\u00e3o de todos os sintomas experimentados pelos &#8220;provadores&#8221;, ou \nseja, a patogenesia dos medicamentos homeop\u00e1ticos.<\/p>\n<h3 style=\"text-align: justify;\"><br>Conclus\u00e3o<\/h3>\n<p style=\"text-align: justify;\">Hoje em dia j\u00e1 \u00e9 poss\u00edvel atrav\u00e9s da \nf\u00edsica qu\u00e2ntica provar que o medicamento homeop\u00e1tico n\u00e3o \u00e9 \u00e1gua ou \na\u00e7\u00facar como costumam dizer.&nbsp;A Prof. Alexandra Delinick no seu livro &#8220;A \nScientific Handbook of Homeopathic Medicine&#8221; descreve precisamente essa \nteoria.<\/p>\n<p style=\"text-align: justify;\">&nbsp;<\/p><p><\/p>\n\n\n","protected":false},"excerpt":{"rendered":"","protected":false},"author":1,"featured_media":0,"parent":0,"menu_order":0,"comment_status":"closed","ping_status":"closed","template":"","meta":{"pagelayer_contact_templates":[],"_pagelayer_content":"","footnotes":""},"class_list":["post-112","page","type-page","status-publish","hentry"],"_links":{"self":[{"href":"https:\/\/aclinicahomeopatica.com\/home\/wp-json\/wp\/v2\/pages\/112","targetHints":{"allow":["GET"]}}],"collection":[{"href":"https:\/\/aclinicahomeopatica.com\/home\/wp-json\/wp\/v2\/pages"}],"about":[{"href":"https:\/\/aclinicahomeopatica.com\/home\/wp-json\/wp\/v2\/types\/page"}],"author":[{"embeddable":true,"href":"https:\/\/aclinicahomeopatica.com\/home\/wp-json\/wp\/v2\/users\/1"}],"replies":[{"embeddable":true,"href":"https:\/\/aclinicahomeopatica.com\/home\/wp-json\/wp\/v2\/comments?post=112"}],"version-history":[{"count":4,"href":"https:\/\/aclinicahomeopatica.com\/home\/wp-json\/wp\/v2\/pages\/112\/revisions"}],"predecessor-version":[{"id":156,"href":"https:\/\/aclinicahomeopatica.com\/home\/wp-json\/wp\/v2\/pages\/112\/revisions\/156"}],"wp:attachment":[{"href":"https:\/\/aclinicahomeopatica.com\/home\/wp-json\/wp\/v2\/media?parent=112"}],"curies":[{"name":"wp","href":"https:\/\/api.w.org\/{rel}","templated":true}]}}